{"id":91,"date":"2018-07-18T09:41:04","date_gmt":"2018-07-18T09:41:04","guid":{"rendered":"http:\/\/ronaldhild.de\/?page_id=91"},"modified":"2023-10-23T13:32:57","modified_gmt":"2023-10-23T13:32:57","slug":"ludografie","status":"publish","type":"page","link":"https:\/\/ronaldhild.de\/?page_id=91","title":{"rendered":"Ludografie"},"content":{"rendered":"<p>Hier in aller gebotenen K\u00fcrze (was auch daran liegt, dass die Liste einfach noch nicht l\u00e4nger ist \ud83d\ude42 ) meine bisher bei <strong><em>Verlagen<\/em><\/strong> erschienenen Spiele in der Reihenfolge der Ver\u00f6ffentlichung.<\/p>\n<ul>\n<li><strong><a href=\"https:\/\/www.rombol.de\/quattele-frank-rehm-ronald-hild-deutschland-2016-gesellschaftsspiel-fuer-2-oder-4-personen-familienspiel-brettspiel-gesellschaftsspiel-aus-holz\/a-8958\/\" target=\"_blank\" rel=\"noopener noreferrer\">Quattele<\/a><\/strong>, ein Strategiespiel f\u00fcr 2 bis 4 Spieler, gemeinsam mit Frank Rehm, erschienen 2016 bei Rombol.<\/li>\n<li><strong><a href=\"https:\/\/ronaldhild.de\/?page_id=303\" rel=\"noopener\">Seelenchaos<\/a><\/strong>, gemeinsam mit Marius Hildebrandt und Bosko Dimitrovic, erschienen 2018 bei Spieltrieb.<\/li>\n<li><a href=\"https:\/\/ronaldhild.de\/?page_id=293\"><strong>Gallia Cisalpina<\/strong><\/a>, gemeinsam mit Till Meyer, erschienen 2018 bei Spieltrieb.<\/li>\n<li><strong><a href=\"https:\/\/ronaldhild.de\/?page_id=309\" rel=\"noopener\">Brooke<\/a><\/strong>, gemeinsam mit Till Meyer und Klaus-Peter Rudolph, erschienen 2018 bei Spieltrieb.<\/li>\n<li><strong>Fantasium<\/strong>, ein kreatives Legespiel zum gemeinsamen Erz\u00e4hlen von fantasievollen Geschichten, erschienen 2015 im Eigenverlag. Erh\u00e4ltlich auf Anfrage bei mir, im Laden <a href=\"https:\/\/www.spielzeitz.de\/\" target=\"_blank\" rel=\"noopener noreferrer\">&#8220;Spiel Zeitz&#8221;<\/a> oder im Online-Shop von <a href=\"https:\/\/www.spiele-entwickler-spieltrieb.de\/spiele\/familienspiele-brettspiele\/fantasium\/\" target=\"_blank\" rel=\"noopener noreferrer\">Spieltrieb<\/a>.<\/li>\n<li><strong><a href=\"https:\/\/www.amazon.de\/gp\/product\/B07ZZ74YP5\/ref=as_li_tl?ie=UTF8&amp;camp=1638&amp;creative=6742&amp;creativeASIN=B07ZZ74YP5&amp;linkCode=as2&amp;tag=wwwrappelbiz-21&amp;linkId=709f4c96246d99372ce186fac433bf64\">NICE TRY &#8211; das Challenge Party Spiel<\/a><\/strong>, messe dich mit deinen Freunden in den Bereichen Geschicklichkeit, Cleverness und K\u00f6rpergef\u00fchl, gemeinsam mit Max Haupt, erschienen 2019 bei Nice Try Games, verlegt jetzt vom <a href=\"https:\/\/leipzigerspiele.de\/\">Leipziger Spieleverlag<\/a>.\u00a0<\/li>\n<li>Die Insel <strong><a href=\"https:\/\/www.kuriosum-verlag.de\/shop\/#cc-m-product-9224320776\">Rungholt <\/a><\/strong>wird unter den Wassermassen unaufhaltsam verschwinden \u2013 kannst du die Stadt, die Ressourcen und die Bewohner vor der Flut sch\u00fctzen<br \/>und dabei die meisten Punkte erspielen? Setze die W\u00fcrfel geschickt ein, um am Ende als Sieger von der Insel zu gehen<strong>.<\/strong> <a href=\"https:\/\/www.kuriosum-verlag.de\/\">Kuriosum Verlag<\/a>.\u00a0<\/li>\n<li><a href=\"https:\/\/www.ur-krostitzer-aktionen.de\/bierfehde\/\"><strong>Die Bierfehde<\/strong><\/a> ist ein kleines, taktisches Wargame f\u00fcr die Kneipe und wird auf Bierdeckeln gespielt.\u00a0 Ziel ist es, durch geschicktes Bewegen oder Schnipsen von Kronkorken die anderen Einheiten zu besiegen. Entwickelt zusammen mit Erik W\u00f6ller, erschienen 2021 bei <a href=\"https:\/\/ur-krostitzer.de\/\">Ur-Krostitzer<\/a>.\u00a0<\/li>\n<li><a href=\"https:\/\/www.amazon.de\/Funbot-1028305-taktisches-W%C3%BCrfelspiel-deutsch\/dp\/B0BD534CYM\/ref=sr_1_1?__mk_de_DE=%C3%85M%C3%85%C5%BD%C3%95%C3%91&amp;crid=1BLBFVG9HIAG4&amp;keywords=Drebo+Spiel&amp;qid=1668065549&amp;sprefix=drebo+spiel%2Caps%2C89&amp;sr=8-1\"><strong>DREBO<\/strong><\/a> ist ein Familienspiel, bei dem der W\u00fcrfel nicht gew\u00fcrfelt sondern gekippt wird. Durch das Kippen entstehen Kombinationen aus Zahl und Farbe, die jede\/r Spieler:in auf ihrem Plan abkreuzt. Wer zuerst drei Drebos hat gewinnt. Die erste gemeinsame Ver\u00f6ffentlichung mit <a href=\"https:\/\/www.timrogasch.de\/\">Tim<\/a>, erschienen bei <a href=\"https:\/\/www.b-rex-entertainment.com\/index.php?cmd=category&amp;manufacturerId=19\">Funbot<\/a> 2022.<\/li>\n<\/ul>\n<p>Eine \u00dcbersicht von Spielen, die im Rahmen meiner Arbeit entstanden sind, auch bekannt als <strong><em>\u201eReferenzliste\u201c<\/em><\/strong> (die ist jetzt so kurz, weil ich nicht alle Auftragsarbeiten auflisten darf \ud83d\ude42 ).<\/p>\n<ul>\n<li><strong><a href=\"http:\/\/www.textura-spiel.de\" target=\"_blank\" rel=\"noopener noreferrer\">Textura Special Edition<\/a> &#8211; deutsch-polnische Verflechtungsgeschichte als modernes Spiel<\/strong>, gemeinsam mit Daniel Bernsen, erschienen 2018 gemeinsam mit <a href=\"https:\/\/www.spiele-entwickler-spieltrieb.de\/\">Spieltrieb<\/a>.<\/li>\n<li><a href=\"https:\/\/www.spiele-entwickler-spieltrieb.de\/spiele\/spiele-f%C3%BCr-promotion-und-bildungsarbeit\/side-by-side\/\"><strong>Side-by-Side<\/strong><\/a>, ein Spiel zur Borderline-Pers\u00f6nlichkeitsst\u00f6rung, gemeinsam mit Sabine Thiel und Till Meyer, erschienen 2018 bei <a href=\"https:\/\/www.spiele-entwickler-spieltrieb.de\/\">Spieltrieb<\/a>.<\/li>\n<li><strong>Fortress<\/strong>, ein Planspiel zur IT-Sicherheit, gemeinsam mit Till Meyer, 2017.<\/li>\n<li><a href=\"https:\/\/www.friedrich-verlag.de\/shop\/45-minuten-escape-irrfahrten-des-odysseus-13116\"><strong>Irrfahrten des Odysseus<\/strong><\/a>, ein 45 Minuten Escape-Spiel f\u00fcr den Lateinunterricht, gemeinsam mit Dr. Rainer Nickel, Redaktion Nele Schmidtko und Claudia Imwalle, erschienen 2020 beim <a href=\"https:\/\/www.friedrich-verlag.de\/\">Friedrich Verlag<\/a>.\u00a0<\/li>\n<li><a href=\"https:\/\/www.friedrich-verlag.de\/shop\/45-minuten-escape-die-pharao-verschwoerung-13118\"><strong>Die Pharao-Verschw\u00f6rung<\/strong><\/a>, ein 45 Minuten Escape-Spiel f\u00fcr den Geschichtsunterricht, gemeinsam mit Dr. Marco Dr\u00e4ger, Redaktion Nele Schmidtko und Claudia Imwalle, erschienen 2021 beim <a href=\"https:\/\/www.friedrich-verlag.de\/\">Friedrich Verlag<\/a>.<\/li>\n<li><a href=\"https:\/\/www.friedrich-verlag.de\/shop\/45-minuten-escape-sos-rettet-den-wald-13119\"><strong>SOS: Rettet den Wald<\/strong><\/a>, ein 45 Minuten Escape-Spiel f\u00fcr den Biologieunterricht, gemeinsam mit Elona Gutschlag, Redaktion Claudia Imwalle und Nele Schmidtko, erschienen 2021 beim <a href=\"https:\/\/www.friedrich-verlag.de\/\">Friedrich Verlag<\/a>.<\/li>\n<li><a href=\"https:\/\/www.friedrich-verlag.de\/shop\/45-minuten-escape-stoppt-den-klimawandel-13125\"><strong>#Stoppt den Klimawandel<\/strong><\/a>, ein 45 Minuten Escape-Spiel f\u00fcr den Geografieunterricht der Klassenstufen 9 &#8211; 10, gemeinsam mit Mareike Schau\u00df, Redaktion Claudia Imwalle, Nele Schmidtko, Valerie Lange, erschienen 2022 beim <a href=\"https:\/\/www.friedrich-verlag.de\/\">Friedrich Verlag<\/a>.<\/li>\n<li><strong><a href=\"https:\/\/www.iass-potsdam.de\/de\/torfitz\">Torfitz &#8211; das Planspiel zum Strukturwandel<\/a><\/strong>, ein Spiel, in dem sich die Spielenden kreativ und l\u00f6sungsorientiert mit den Herausforderungen fiktiver Kommunen besch\u00e4ftigen. Torfitz f\u00f6rdert den dialogischen Austausch und st\u00e4rkt soziale Kompetenzen, im Auftrag f\u00fcr <a href=\"https:\/\/playinghistory.de\/\">Playing History<\/a>, erschienen 2022.<\/li>\n<\/ul>\n\n\n<p>Eine \u00dcbersicht von Spielen, die in Zeitschriften erschienen sind.<\/p>\n\n\n\n<ul class=\"wp-block-list\">\n<li>Rechenspiele mit Zahlenkarten, mathematiklehren, Nr. 202, Juni 2017. Gemeinsam mit Frank Rehm.<\/li>\n\n\n\n<li>4 Ecken im Quadrat, mathematiklehren, Nr. 211, Dezember 2018. Gemeinsam mit Frank Rehm.<\/li>\n\n\n\n<li> Der Schatz des goldenen Adlers, Grundschule Sport, Nr. 22, 2. Quartal 2019. Gemeinsam mit Dr. Christian Andr\u00e4 <\/li>\n<\/ul>\n\n\n\n<p><\/p>\n","protected":false},"excerpt":{"rendered":"<p>Hier in aller gebotenen K\u00fcrze (was auch daran liegt, dass die Liste einfach noch nicht l\u00e4nger ist \ud83d\ude42 ) meine bisher bei Verlagen erschienenen Spiele in der Reihenfolge der Ver\u00f6ffentlichung. &#8230;<\/p>\n","protected":false},"author":1,"featured_media":90,"parent":0,"menu_order":0,"comment_status":"closed","ping_status":"closed","template":"","meta":{"footnotes":""},"class_list":["post-91","page","type-page","status-publish","has-post-thumbnail","hentry"],"_links":{"self":[{"href":"https:\/\/ronaldhild.de\/index.php?rest_route=\/wp\/v2\/pages\/91","targetHints":{"allow":["GET"]}}],"collection":[{"href":"https:\/\/ronaldhild.de\/index.php?rest_route=\/wp\/v2\/pages"}],"about":[{"href":"https:\/\/ronaldhild.de\/index.php?rest_route=\/wp\/v2\/types\/page"}],"author":[{"embeddable":true,"href":"https:\/\/ronaldhild.de\/index.php?rest_route=\/wp\/v2\/users\/1"}],"replies":[{"embeddable":true,"href":"https:\/\/ronaldhild.de\/index.php?rest_route=%2Fwp%2Fv2%2Fcomments&post=91"}],"version-history":[{"count":27,"href":"https:\/\/ronaldhild.de\/index.php?rest_route=\/wp\/v2\/pages\/91\/revisions"}],"predecessor-version":[{"id":528,"href":"https:\/\/ronaldhild.de\/index.php?rest_route=\/wp\/v2\/pages\/91\/revisions\/528"}],"wp:featuredmedia":[{"embeddable":true,"href":"https:\/\/ronaldhild.de\/index.php?rest_route=\/wp\/v2\/media\/90"}],"wp:attachment":[{"href":"https:\/\/ronaldhild.de\/index.php?rest_route=%2Fwp%2Fv2%2Fmedia&parent=91"}],"curies":[{"name":"wp","href":"https:\/\/api.w.org\/{rel}","templated":true}]}}