{"id":74,"date":"2018-07-18T09:15:13","date_gmt":"2018-07-18T09:15:13","guid":{"rendered":"http:\/\/ronaldhild.de\/?page_id=74"},"modified":"2018-07-30T20:10:56","modified_gmt":"2018-07-30T20:10:56","slug":"textura","status":"publish","type":"page","link":"https:\/\/ronaldhild.de\/?page_id=74","title":{"rendered":"Textura"},"content":{"rendered":"<p><strong><em>Textura<\/em><\/strong> ist ein Unterrichtskonzept, das in der Grundkonzeption so flexibel angelegt ist, dass es jahrgangs-, schulform- und fach\u00fcbergreifend eingesetzt werden kann. Die Grundidee, die bereits 2015 entstand, bezog sich zun\u00e4chst auf den Geschichtsunterricht.<br \/>\nMit Daniel Bernsen habe ich einen Partner gefunden, der nicht nur selbst als Spielentwickler t\u00e4tig ist, sondern als Lehrer auch die Expertise und Erfahrung mitbringt, um Spiele f\u00fcr einen sinnvollen Einsatz im (Geschichts-)Unterricht zu gestalten. Gemeinsam haben wir einen Prototyp entwickelt, der in verschiedenen Schulen und Klassenstufen erfolgreich getestet wurde.<\/p>\n<p>Anl\u00e4sslich des 100-j\u00e4hrigen Jubil\u00e4ums der polnischen Unabh\u00e4ngigkeit 2018 schrieb die Bundeszentrale f\u00fcr politische Bildung im Herbst 2017 einen <a href=\"http:\/\/www.bpb.de\/presse\/259619\/ergebnisse-des-ideenwettbewerbs-polen\" target=\"_blank\" rel=\"noopener\">Ideenwettbewerb<\/a> aus. Daniel und ich haben das bew\u00e4hrte Textura-Konzept in eine Special-Edition zur deutsch-polnischen Verflechtungsgeschichte \u00fcberf\u00fchrt. Unsere Idee konnte beim Ideenwettbewerb und einer anschlie\u00dfenden Jurysitzung \u00fcberzeugen. Pr\u00e4miert und gef\u00f6rdert von der BpB haben wir ein Spiel entwickelt, dass im Herbst 2018 an Schulen in Deutschland und Polen verteilt werden wird.<\/p>\n<p>Weitere Informationen zur <strong><em>Textura Special-Edition<\/em><\/strong>: <a href=\"http:\/\/www.textura-spiel.de\" target=\"_blank\" rel=\"noopener\">www.textura-spiel.de<\/a> Dort findest du auch ein Kontaktformular, \u00fcber das Schulen bis zu 5 Exemplare des Spiels bestellen k\u00f6nnen.<\/p>\n<p>Und noch ein kleiner Einblick in das Spielprinzip:<\/p>\n<p><iframe loading=\"lazy\" style=\"border: 1px solid #CCC; border-width: 1px; margin-bottom: 5px; max-width: 100%;\" src=\"\/\/www.slideshare.net\/slideshow\/embed_code\/key\/CNN2hsG7LYMfAp\" width=\"595\" height=\"485\" frameborder=\"0\" marginwidth=\"0\" marginheight=\"0\" scrolling=\"no\" allowfullscreen=\"allowfullscreen\"> <\/iframe><\/p>\n<p>&nbsp;<\/p>\n<p>Derzeit arbeite ich an Textura-Adaptionen f\u00fcr andere Unterrichtsf\u00e4cher, unter anderem den Fremdsprachen-Unterricht. Ich w\u00fcrde mich \u00fcber Anfragen weiterer Fachlehrer sehr freuen.<\/p>\n","protected":false},"excerpt":{"rendered":"<p>Textura ist ein Unterrichtskonzept, das in der Grundkonzeption so flexibel angelegt ist, dass es jahrgangs-, schulform- und fach\u00fcbergreifend eingesetzt werden kann. Die Grundidee, die bereits 2015 entstand, bezog sich zun\u00e4chst &#8230;<\/p>\n","protected":false},"author":1,"featured_media":77,"parent":45,"menu_order":0,"comment_status":"closed","ping_status":"closed","template":"","meta":{"footnotes":""},"class_list":["post-74","page","type-page","status-publish","has-post-thumbnail","hentry"],"_links":{"self":[{"href":"https:\/\/ronaldhild.de\/index.php?rest_route=\/wp\/v2\/pages\/74","targetHints":{"allow":["GET"]}}],"collection":[{"href":"https:\/\/ronaldhild.de\/index.php?rest_route=\/wp\/v2\/pages"}],"about":[{"href":"https:\/\/ronaldhild.de\/index.php?rest_route=\/wp\/v2\/types\/page"}],"author":[{"embeddable":true,"href":"https:\/\/ronaldhild.de\/index.php?rest_route=\/wp\/v2\/users\/1"}],"replies":[{"embeddable":true,"href":"https:\/\/ronaldhild.de\/index.php?rest_route=%2Fwp%2Fv2%2Fcomments&post=74"}],"version-history":[{"count":8,"href":"https:\/\/ronaldhild.de\/index.php?rest_route=\/wp\/v2\/pages\/74\/revisions"}],"predecessor-version":[{"id":79,"href":"https:\/\/ronaldhild.de\/index.php?rest_route=\/wp\/v2\/pages\/74\/revisions\/79"}],"up":[{"embeddable":true,"href":"https:\/\/ronaldhild.de\/index.php?rest_route=\/wp\/v2\/pages\/45"}],"wp:featuredmedia":[{"embeddable":true,"href":"https:\/\/ronaldhild.de\/index.php?rest_route=\/wp\/v2\/media\/77"}],"wp:attachment":[{"href":"https:\/\/ronaldhild.de\/index.php?rest_route=%2Fwp%2Fv2%2Fmedia&parent=74"}],"curies":[{"name":"wp","href":"https:\/\/api.w.org\/{rel}","templated":true}]}}