{"id":68,"date":"2018-07-18T09:03:24","date_gmt":"2018-07-18T09:03:24","guid":{"rendered":"http:\/\/ronaldhild.de\/?page_id=68"},"modified":"2021-03-17T06:52:53","modified_gmt":"2021-03-17T06:52:53","slug":"creativ-e-motion","status":"publish","type":"page","link":"https:\/\/ronaldhild.de\/?page_id=68","title":{"rendered":"Creativ-e-motion"},"content":{"rendered":"<p><strong>Creativ-e-motion<\/strong> ist ein Kooperationsprojekt mit Dr. Christian Andr\u00e4 und Thomas Ahnfeld.<\/p>\n<p>Im Fokus unserer Zusammenarbeit steht die Kombination von Bewegung, Spiel und Lernen. Durch die Verbindung von Spiel und Bewegung wird erreicht, dass die Spielenden w\u00e4hrend des Spielens nicht nur Spa\u00df haben sondern zugleich unter anderem die Grob- und Feinmotorik sowie insgesamt das K\u00f6rper- und Balancegef\u00fchl schulen. Wir entwickeln Konzepte und Spiele, die sich an verschiedene Alters- und Zielgruppen richten und deshalb auch verschiedenen Aspekte des \u201eLernens\u201c in den Mittelpunkt r\u00fccken.<\/p>\n<p>Bei <strong><em>Spielen zur Pr\u00e4vention und Gesundheitsf\u00f6rderung<\/em><\/strong> ist es unser Anliegen, Informationen zu vermitteln oder f\u00fcr bestimmte Themen bzw. Zusammenh\u00e4nge zu sensibilisieren. So entstand beispielsweise ein Spielkonzept, in dem die Spielerinnen und Spieler ein Gef\u00fchl f\u00fcr den Zusammenhang von Ern\u00e4hrung und dem richtigen Ma\u00df an Bewegung vermittelt bekommen.<\/p>\n<p>Bei <strong><em>Bewegungsspielen<\/em><\/strong> geht es vordergr\u00fcndig um spielerische Bewegung; das Lernen erfolgt hierbei subtiler. Das Gel\u00e4nde-Fangspiel <strong>Blades<\/strong> beispielsweise erfordert nicht nur Kondition, sondern auch taktisches Geschick, Kommunikations- und Antizipationsf\u00e4higkeit. Die Spielenden lernen im Spiel und aus ihren Fehlern, entwickeln Strategien und stimmen diese untereinander ab. Wechselnde Gruppengr\u00f6\u00dfen, alternative Komplexit\u00e4tsstufen oder ver\u00e4ndertes Gel\u00e4nde erfordern eine bestimmte Anpassungsf\u00e4higkeit an die jeweiligen Gegebenheiten.<\/p>\n<p>Creativ-e-motion ist zwar noch ein junges Projekt, jedoch konnten wir bereits Krankenkassen, Bildungstr\u00e4ger und Schulen als Partner gewinnen. Wir t\u00fcfteln an weiteren Ideen und freuen uns auf Anregungen oder einen interessanten Austausch.<\/p>\n<p>Mail: <a href=\"mailto:cremotion@gmx.de\" target=\"_blank\" rel=\"noopener noreferrer\">cremotion@gmx.de<\/a><\/p>\n\n\n<p>Auf seinem <a href=\"https:\/\/www.youtube.com\/channel\/UCQ2xVfsIDzZ1NpMgtyR3fTw\">Youtube-Channel<\/a> stellt Christian regelm\u00e4\u00dfig Konzepte vor, die Bewegung, Lernen und Spiel verbinden. <\/p>\n","protected":false},"excerpt":{"rendered":"<p>Creativ-e-motion ist ein Kooperationsprojekt mit Dr. Christian Andr\u00e4 und Thomas Ahnfeld. Im Fokus unserer Zusammenarbeit steht die Kombination von Bewegung, Spiel und Lernen. Durch die Verbindung von Spiel und Bewegung &#8230;<\/p>\n","protected":false},"author":1,"featured_media":69,"parent":0,"menu_order":0,"comment_status":"closed","ping_status":"closed","template":"","meta":{"footnotes":""},"class_list":["post-68","page","type-page","status-publish","has-post-thumbnail","hentry"],"_links":{"self":[{"href":"https:\/\/ronaldhild.de\/index.php?rest_route=\/wp\/v2\/pages\/68","targetHints":{"allow":["GET"]}}],"collection":[{"href":"https:\/\/ronaldhild.de\/index.php?rest_route=\/wp\/v2\/pages"}],"about":[{"href":"https:\/\/ronaldhild.de\/index.php?rest_route=\/wp\/v2\/types\/page"}],"author":[{"embeddable":true,"href":"https:\/\/ronaldhild.de\/index.php?rest_route=\/wp\/v2\/users\/1"}],"replies":[{"embeddable":true,"href":"https:\/\/ronaldhild.de\/index.php?rest_route=%2Fwp%2Fv2%2Fcomments&post=68"}],"version-history":[{"count":6,"href":"https:\/\/ronaldhild.de\/index.php?rest_route=\/wp\/v2\/pages\/68\/revisions"}],"predecessor-version":[{"id":443,"href":"https:\/\/ronaldhild.de\/index.php?rest_route=\/wp\/v2\/pages\/68\/revisions\/443"}],"wp:featuredmedia":[{"embeddable":true,"href":"https:\/\/ronaldhild.de\/index.php?rest_route=\/wp\/v2\/media\/69"}],"wp:attachment":[{"href":"https:\/\/ronaldhild.de\/index.php?rest_route=%2Fwp%2Fv2%2Fmedia&parent=68"}],"curies":[{"name":"wp","href":"https:\/\/api.w.org\/{rel}","templated":true}]}}