{"id":309,"date":"2018-08-19T11:28:29","date_gmt":"2018-08-19T11:28:29","guid":{"rendered":"http:\/\/ronaldhild.de\/?page_id=309"},"modified":"2018-08-19T11:29:23","modified_gmt":"2018-08-19T11:29:23","slug":"brooke","status":"publish","type":"page","link":"https:\/\/ronaldhild.de\/?page_id=309","title":{"rendered":"Brooke"},"content":{"rendered":"<p>In Sarawak, dem Norden Borneos, stehen sich Mitte des 19. Jahrhunderts zwei erbitterte Gegner gegen\u00fcber. Das Volk der Iban, bekannt und gef\u00fcrchtet f\u00fcr ihre Kopfj\u00e4ger und Piratenflotten und James Brooke, ein englischer Abenteurer und Lehnsmanns des Sultans von Brunei &#8211; und seit kurzem der Herrscher von Sarawak.<\/p>\n<p>Brooke setzt alles daran die Piratenexpeditionen zu unterbinden, um sein junges Reich zu sch\u00fctzen. Doch die Iban halten an ihrer traditionellen Lebensweise fest und noch ist v\u00f6llig ungewiss, wer sich durchsetzen wird.<\/p>\n<p><img loading=\"lazy\" decoding=\"async\" class=\"size-medium wp-image-310 alignleft\" src=\"https:\/\/ronaldhild.de\/wp-content\/uploads\/2018\/08\/Spiele_Brooke-300x221.jpg\" alt=\"\" width=\"300\" height=\"221\" srcset=\"https:\/\/ronaldhild.de\/wp-content\/uploads\/2018\/08\/Spiele_Brooke-300x221.jpg 300w, https:\/\/ronaldhild.de\/wp-content\/uploads\/2018\/08\/Spiele_Brooke.jpg 500w\" sizes=\"auto, (max-width: 300px) 100vw, 300px\" \/>Brooke ist ein taktisch anspruchsvolles Spiel, in dem 2 Spieler mit ihren W\u00fcrfeln um die \u00dcbermacht in verschiedenen Gebieten ringen.In 4 Schlachten wird jeweils um 3 Gebiete gek\u00e4mpft. Abwechselnd setzten die Kontrahenten W\u00fcrfel mit unterschiedlichen Wertigkeiten an den Gebietskarten ein. Doch die Gew\u00e4sser vor der K\u00fcste sind t\u00fcckisch, so dass die W\u00fcrfel immer wieder ihre Positionen \u00e4ndern.<br \/>\nWer nach dem Einsetzen aller W\u00fcrfel an einer Gebietskarte die Mehrheit h\u00e4lt, sichert sich die Vorherrschaft in diesem Gebiet. Doch der Sieg in einem Gebiet bedeutet wenig, schlie\u00dflich wird um insgesamt 12 Gebiete gek\u00e4mpft.Nur wer vorausschauend plant, sich die T\u00fccken der Gew\u00e4sser zunutze macht und seine begrenzten Ressourcen richtig einsetzt, wird die Oberhand behalten und die Herrschaft in Sarawak f\u00fcr sich beanspruchen.<\/p>\n<p>Weitere Infos zum Spiel auf der Seite der SpieleSchmiede gibt es <a href=\"https:\/\/www.spiele-offensive.de\/Spieleschmiede\/Brooke\" target=\"_blank\" rel=\"noopener\">hier<\/a>.<br \/>\nBrooke auf <a href=\"https:\/\/boardgamegeek.com\/boardgame\/233782\/brooke\" rel=\"noopener\" target=\"_blank\">Boardgamegeek<\/a>. <\/p>\n","protected":false},"excerpt":{"rendered":"<p>In Sarawak, dem Norden Borneos, stehen sich Mitte des 19. Jahrhunderts zwei erbitterte Gegner gegen\u00fcber. Das Volk der Iban, bekannt und gef\u00fcrchtet f\u00fcr ihre Kopfj\u00e4ger und Piratenflotten und James Brooke, &#8230;<\/p>\n","protected":false},"author":1,"featured_media":90,"parent":91,"menu_order":0,"comment_status":"closed","ping_status":"closed","template":"","meta":{"footnotes":""},"class_list":["post-309","page","type-page","status-publish","has-post-thumbnail","hentry"],"_links":{"self":[{"href":"https:\/\/ronaldhild.de\/index.php?rest_route=\/wp\/v2\/pages\/309","targetHints":{"allow":["GET"]}}],"collection":[{"href":"https:\/\/ronaldhild.de\/index.php?rest_route=\/wp\/v2\/pages"}],"about":[{"href":"https:\/\/ronaldhild.de\/index.php?rest_route=\/wp\/v2\/types\/page"}],"author":[{"embeddable":true,"href":"https:\/\/ronaldhild.de\/index.php?rest_route=\/wp\/v2\/users\/1"}],"replies":[{"embeddable":true,"href":"https:\/\/ronaldhild.de\/index.php?rest_route=%2Fwp%2Fv2%2Fcomments&post=309"}],"version-history":[{"count":1,"href":"https:\/\/ronaldhild.de\/index.php?rest_route=\/wp\/v2\/pages\/309\/revisions"}],"predecessor-version":[{"id":311,"href":"https:\/\/ronaldhild.de\/index.php?rest_route=\/wp\/v2\/pages\/309\/revisions\/311"}],"up":[{"embeddable":true,"href":"https:\/\/ronaldhild.de\/index.php?rest_route=\/wp\/v2\/pages\/91"}],"wp:featuredmedia":[{"embeddable":true,"href":"https:\/\/ronaldhild.de\/index.php?rest_route=\/wp\/v2\/media\/90"}],"wp:attachment":[{"href":"https:\/\/ronaldhild.de\/index.php?rest_route=%2Fwp%2Fv2%2Fmedia&parent=309"}],"curies":[{"name":"wp","href":"https:\/\/api.w.org\/{rel}","templated":true}]}}