{"id":303,"date":"2018-08-19T11:13:40","date_gmt":"2018-08-19T11:13:40","guid":{"rendered":"http:\/\/ronaldhild.de\/?page_id=303"},"modified":"2018-08-19T11:29:42","modified_gmt":"2018-08-19T11:29:42","slug":"seelenchaos","status":"publish","type":"page","link":"https:\/\/ronaldhild.de\/?page_id=303","title":{"rendered":"Seelenchaos"},"content":{"rendered":"<p>In der H\u00f6lle herrscht Chaos. Die von den D\u00e4monen abgeschlossenen Seelenvertr\u00e4ge sind irgendwie durcheinander gekommen und die Seelen den falschen D\u00e4monen gutgeschrieben worden. Da man sich nicht einmal in der H\u00f6lle auf die B\u00fcrokratie verlassen kann, liegt es nun an den D\u00e4monen selbst, sich ihr Eigentum zur\u00fcckzuholen. Das w\u00e4re auch kein Problem, wenn D\u00e4monen nur nicht so verschlagen w\u00e4ren&#8230;<\/p>\n<p><img loading=\"lazy\" decoding=\"async\" class=\"alignright size-medium wp-image-305\" src=\"https:\/\/ronaldhild.de\/wp-content\/uploads\/2018\/08\/Spiele_Seelenchaos-300x164.jpg\" alt=\"\" width=\"300\" height=\"164\" srcset=\"https:\/\/ronaldhild.de\/wp-content\/uploads\/2018\/08\/Spiele_Seelenchaos-300x164.jpg 300w, https:\/\/ronaldhild.de\/wp-content\/uploads\/2018\/08\/Spiele_Seelenchaos.jpg 500w\" sizes=\"auto, (max-width: 300px) 100vw, 300px\" \/>Holt euch eure wohlverdienten Seelen zur\u00fcck und klaut den anderen D\u00e4monen am besten noch ein paar der ihren! Seelenchaos ist ein \u00e4u\u00dferst ungew\u00f6hnliches Kartenspiel f\u00fcr 3 gerissene Querdenker ab 12 Jahren, in dem kein Spieler mit den eigenen Karten spielt, sondern mit denen seines d\u00e4monischen Nachbarn. Und nicht nur das, der Nachbar befiehlt auch noch, welche Karte man ausspielen soll. Ob man sich daran h\u00e4lt, bleibt jedoch allein dem eigenen d\u00e4monischen Gewissen \u00fcberlassen.<\/p>\n<p>Jeder Stich bringt Punkte, Betrug ist eintr\u00e4glicher als Ehrlichkeit und verbrennen k\u00f6nnen die Seelen auch noch! Nur wer seine Gegner richtig einsch\u00e4tzt, klug taktiert und im richtigen Moment den Gl\u00fccksengel auf seiner Schulter hat, kann sich in diesem chaotisch-verwirrenden Kartenspiel die meisten Punkte ergaunern.<\/p>\n<p>Seelenchaos gewann den Publikumspreis beim 1. Boardgame-Jam 2016 in Essen.<\/p>\n<p>Weitere Infos zum Spiel auf der Seite der Spieleschmiede gibt es <a href=\"https:\/\/www.spiele-offensive.de\/Spieleschmiede\/Seelenchaos\" target=\"_blank\" rel=\"noopener\">hier<\/a>.<br \/>\nSeelenchaos auf <a href=\"https:\/\/boardgamegeek.com\/boardgame\/237603\/seelenchaos\" target=\"_blank\" rel=\"noopener\">Boardgamegeek<\/a>.<\/p>\n","protected":false},"excerpt":{"rendered":"<p>In der H\u00f6lle herrscht Chaos. Die von den D\u00e4monen abgeschlossenen Seelenvertr\u00e4ge sind irgendwie durcheinander gekommen und die Seelen den falschen D\u00e4monen gutgeschrieben worden. Da man sich nicht einmal in der &#8230;<\/p>\n","protected":false},"author":1,"featured_media":90,"parent":91,"menu_order":0,"comment_status":"closed","ping_status":"closed","template":"","meta":{"footnotes":""},"class_list":["post-303","page","type-page","status-publish","has-post-thumbnail","hentry"],"_links":{"self":[{"href":"https:\/\/ronaldhild.de\/index.php?rest_route=\/wp\/v2\/pages\/303","targetHints":{"allow":["GET"]}}],"collection":[{"href":"https:\/\/ronaldhild.de\/index.php?rest_route=\/wp\/v2\/pages"}],"about":[{"href":"https:\/\/ronaldhild.de\/index.php?rest_route=\/wp\/v2\/types\/page"}],"author":[{"embeddable":true,"href":"https:\/\/ronaldhild.de\/index.php?rest_route=\/wp\/v2\/users\/1"}],"replies":[{"embeddable":true,"href":"https:\/\/ronaldhild.de\/index.php?rest_route=%2Fwp%2Fv2%2Fcomments&post=303"}],"version-history":[{"count":4,"href":"https:\/\/ronaldhild.de\/index.php?rest_route=\/wp\/v2\/pages\/303\/revisions"}],"predecessor-version":[{"id":308,"href":"https:\/\/ronaldhild.de\/index.php?rest_route=\/wp\/v2\/pages\/303\/revisions\/308"}],"up":[{"embeddable":true,"href":"https:\/\/ronaldhild.de\/index.php?rest_route=\/wp\/v2\/pages\/91"}],"wp:featuredmedia":[{"embeddable":true,"href":"https:\/\/ronaldhild.de\/index.php?rest_route=\/wp\/v2\/media\/90"}],"wp:attachment":[{"href":"https:\/\/ronaldhild.de\/index.php?rest_route=%2Fwp%2Fv2%2Fmedia&parent=303"}],"curies":[{"name":"wp","href":"https:\/\/api.w.org\/{rel}","templated":true}]}}