{"id":155,"date":"2018-07-18T22:04:00","date_gmt":"2018-07-18T22:04:00","guid":{"rendered":"http:\/\/ronaldhild.de\/?page_id=155"},"modified":"2018-07-18T22:04:00","modified_gmt":"2018-07-18T22:04:00","slug":"kleine-spiele","status":"publish","type":"page","link":"https:\/\/ronaldhild.de\/?page_id=155","title":{"rendered":"Kleine Spiele"},"content":{"rendered":"<p>Die hier vorgestellten Spielkonzepte und Ideen d\u00fcrfen gern heruntergeladen und gespielt werden. \u00dcber Feedback, Kritik oder Hinweise w\u00fcrde ich mich sehr freuen. Viel Spa\u00df beim Spielen! <\/p>\n","protected":false},"excerpt":{"rendered":"<p>Die hier vorgestellten Spielkonzepte und Ideen d\u00fcrfen gern heruntergeladen und gespielt werden. \u00dcber Feedback, Kritik oder Hinweise w\u00fcrde ich mich sehr freuen. Viel Spa\u00df beim Spielen!<\/p>\n","protected":false},"author":1,"featured_media":156,"parent":0,"menu_order":0,"comment_status":"closed","ping_status":"closed","template":"","meta":{"footnotes":""},"class_list":["post-155","page","type-page","status-publish","has-post-thumbnail","hentry"],"_links":{"self":[{"href":"https:\/\/ronaldhild.de\/index.php?rest_route=\/wp\/v2\/pages\/155","targetHints":{"allow":["GET"]}}],"collection":[{"href":"https:\/\/ronaldhild.de\/index.php?rest_route=\/wp\/v2\/pages"}],"about":[{"href":"https:\/\/ronaldhild.de\/index.php?rest_route=\/wp\/v2\/types\/page"}],"author":[{"embeddable":true,"href":"https:\/\/ronaldhild.de\/index.php?rest_route=\/wp\/v2\/users\/1"}],"replies":[{"embeddable":true,"href":"https:\/\/ronaldhild.de\/index.php?rest_route=%2Fwp%2Fv2%2Fcomments&post=155"}],"version-history":[{"count":1,"href":"https:\/\/ronaldhild.de\/index.php?rest_route=\/wp\/v2\/pages\/155\/revisions"}],"predecessor-version":[{"id":157,"href":"https:\/\/ronaldhild.de\/index.php?rest_route=\/wp\/v2\/pages\/155\/revisions\/157"}],"wp:featuredmedia":[{"embeddable":true,"href":"https:\/\/ronaldhild.de\/index.php?rest_route=\/wp\/v2\/media\/156"}],"wp:attachment":[{"href":"https:\/\/ronaldhild.de\/index.php?rest_route=%2Fwp%2Fv2%2Fmedia&parent=155"}],"curies":[{"name":"wp","href":"https:\/\/api.w.org\/{rel}","templated":true}]}}