{"id":127,"date":"2018-07-18T15:22:07","date_gmt":"2018-07-18T15:22:07","guid":{"rendered":"http:\/\/ronaldhild.de\/?page_id=127"},"modified":"2021-03-17T07:19:19","modified_gmt":"2021-03-17T07:19:19","slug":"spiele-im-schulichen-kontext","status":"publish","type":"page","link":"https:\/\/ronaldhild.de\/?page_id=127","title":{"rendered":"Spiele im schulischen Kontext"},"content":{"rendered":"<p>Spielerische Wissensvermittlung, die Spa\u00df macht. Spa\u00df, Freude und damit verbunden eine starke intrinsische Motivation der Lernenden ist ein Aspekt, der den Einsatz von Spielen im schulischen Kontext interessant und relevant macht. Lernende denken sich in Situationen oder Rollen hinein, sie suchen L\u00f6sungen, entwickeln Strategien, erkennen kausale Zusammenh\u00e4nge und lernen, eigene Fragen zu stellen.<\/p>\n<p>Spiele k\u00f6nnen ein Instrument sein, den Unterricht zu erg\u00e4nzen und zu bereichern. F\u00fcr die Spielentwicklung ergeben sich dabei besondere Herausforderungen. Der begrenzte Zeitrahmen einer Unterrichtsstunde macht es erforderlich, dass Spiele schnell erkl\u00e4rt, verstanden und gespielt werde k\u00f6nnen. Das bedeutet auch, dass es hinsichtlich Material und Aufbauzeit Beschr\u00e4nkungen gibt. Zudem m\u00fcssen Spiele idealerweise in verschiedenen Gruppengr\u00f6\u00dfen funktionieren. Die fachliche Richtigkeit sowie eine p\u00e4dagogische Passgenauigkeit sind grundlegende Anforderungen. Aus diesen Gr\u00fcnden arbeite ich hierbei immer mit Fachlehrern zusammen.<\/p>\n<p><strong>Geschichte<\/strong><\/p>\n<p>In Zusammenarbeit mit Daniel Bernsen sind bereits verschiedene Projekte entstanden. Unser Spiel <em><a href=\"https:\/\/ronaldhild.de\/?page_id=74\"><strong>Textura Special Edition<\/strong><\/a> <strong>&#8211; deutsch-polnische Verflechtungsgeschichte als modernes Spiel<\/strong><\/em> wurde von der Bundeszentrale f\u00fcr politische Bildung pr\u00e4miert und gef\u00f6rdert und erscheint im Herbst 2018 in einer gr\u00f6\u00dferen Auflage. Gleichzeitig arbeiten wir daran, <strong><em>Textura<\/em><\/strong> auch f\u00fcr den deutschen Geschichtsunterricht zu erweitern.<\/p>\n<p>Daneben haben Daniel und ich ein Konzept f\u00fcr <strong><em>Print&amp;Play-Spiele<\/em><\/strong> f\u00fcr den Geschichtsunterricht entwickelt. Hierbei handelt es sich um vereinfachte Simulationen, die immer dem gleichen Spielprinzip und der gleichen Bildsprache folgen. Einmal im Unterricht eingef\u00fchrt, kennen die Lernenden die Spielmechanik und k\u00f6nnen sich schnell auf den jeweiligen Spielinhalt fokussieren.<\/p>\n<p><strong>Fremdsprachen<\/strong><\/p>\n<p>Aufbauend auf dem <strong><em>Textura-Prinzip<\/em><\/strong> entwickle ich gemeinsam mit Thomas Ahnfeld ein Spielkonzept zur Unterst\u00fctzung des Fremdsprachenunterrichts. Das Spielprinzip kann f\u00fcr den Unterricht in jeder Fremdsprache angepasst werden und bietet den Lehrenden verschiedene, progressive Einsatzideen. Das Spiel wird derzeit getestet. \u00dcber das Interesse an weiteren Tests w\u00fcrden wir uns freuen.<\/p>\n<p><strong>Mathematik<\/strong><\/p>\n<p>Derzeit arbeite ich an verschiedenen spielerischen Konzepten f\u00fcr den Mathematikunterricht. Die Ideen und Inhalte werden gemeinsam mit den jeweiligen Partnern ver\u00f6ffentlicht.<\/p>\n<p>Aktuell arbeite ich mit dem Team vom Worksheet Crafter an Mathegeschichten. Einen aktuellen Einblick vom ersten Abenteuer gibt es <a href=\"https:\/\/getschoolcraft.com\/de\/mathegeschichten-der-wikingerschatz\/\" target=\"_blank\" rel=\"noopener noreferrer\">hier<\/a>!<\/p>\n<p><strong>Sport<\/strong><\/p>\n<p>Gemeinsam mit Dr. Christian Andr\u00e4 und Thomas Ahnfeld konzipiere ich <a href=\"https:\/\/ronaldhild.de\/?page_id=68\">Sport- und Bewegungsspiele<\/a>, die auch im Sportunterricht eingesetzt werden k\u00f6nnen. Das Gel\u00e4nde-Fangspiel <strong>Taktiko<\/strong> kann beispielsweise in verschiedenen Altersstufen und Gruppengr\u00f6\u00dfen gespielt werden und f\u00f6rdert die Kommunikation, die Zusammenarbeit, die Fairness und das strategische Denken.<\/p>\n\n\n<p><strong>45 Minuten Escape<\/strong><\/p>\n\n\n\n<p>Gemeinsam mit dem <a href=\"https:\/\/www.friedrich-verlag.de\/\">Friedrich Verlag<\/a> habe ich das Konzept der 45 Minuten-Escape-Spiele entwickelt. Diese Spiele werden im Fachunterricht eingesetzt und k\u00f6nnen gemeinsam in einer Klasse gespielt werden. Die Spieler*innen nutzen Logik, Kreativit\u00e4t und Wissen, um R\u00e4tsel zu l\u00f6sen und dabei Hinweise zu sammeln, die f\u00fcr die finale Herausforderung von Bedeutung sind. Die Illustrationen, die den Spielen einen ganz besonderen Charme verleihen, stammen von <a href=\"http:\/\/www.spiellu.com\/\">Christian Opperer<\/a>, mit dem ich schon bei Textura zusammenarbeiten durfte. Bisher sind in der Reihe 3 Spiele erschienen:<\/p>\n\n\n\n<ul class=\"wp-block-list\"><li><a href=\"https:\/\/www.friedrich-verlag.de\/shop\/45-minuten-escape-irrfahrten-des-odysseus-13116\"><strong>Irrfahrten des Odysseus<\/strong><\/a>, ein Spiel f\u00fcr den Lateinunterricht, in dem die Spieler*innen Odysseus helfen, nach Hause zu kommen. Gemeinsam entwickelt mit Dr. Rainer Nickel, Redaktion Nele Schmidtko und Claudia Imwalle, erschienen 2020 beim\u00a0<a href=\"https:\/\/www.friedrich-verlag.de\/\">Friedrich Verlag<\/a>.\u00a0<\/li><li><a href=\"https:\/\/www.friedrich-verlag.de\/shop\/45-minuten-escape-die-pharao-verschwoerung-13118\"><strong>Die Pharao-Verschw\u00f6rung<\/strong><\/a>, ein Spiel f\u00fcr den Geschichtsunterricht, in dem die Spieler*innen versuche, rechtzeitig eine Verschw\u00f6rung gegen Pharao Ramses III aufzudecken. Gemeinsam entwickelt mit Dr. Marco Dr\u00e4ger, Redaktion Nele Schmidtko und Claudia Imwalle, erschienen 2021 beim\u00a0<a href=\"https:\/\/www.friedrich-verlag.de\/\">Friedrich Verlag<\/a>.<\/li><li><a href=\"https:\/\/www.friedrich-verlag.de\/shop\/45-minuten-escape-sos-rettet-den-wald-13119\"><strong>SOS: Rettet den Wald<\/strong><\/a>, ein Spiel f\u00fcr den Biologieunterricht, in dem die Spieler*innen versuchen, einen Wald vor der Abholzung zu retten. Gemeinsam entwickelt mit Elona Gutschlag, Redaktion Claudia Imwalle und Nele Schmidtko, erschienen 2021 beim\u00a0<a href=\"https:\/\/www.friedrich-verlag.de\/\">Friedrich Verlag<\/a>.<\/li><\/ul>\n\n\n\n<figure class=\"wp-block-image is-resized\"><img loading=\"lazy\" decoding=\"async\" src=\"https:\/\/www.friedrich-verlag.de\/shop\/media\/catalog\/product\/cache\/b794c3587641ade6c13c5f084dd5a029\/1\/3\/13119-cover.jpg\" alt=\"45 Minuten Escape \u2013 SOS: Rettet den Wald!\" width=\"191\" height=\"191\"\/><\/figure>\n","protected":false},"excerpt":{"rendered":"<p>Spielerische Wissensvermittlung, die Spa\u00df macht. Spa\u00df, Freude und damit verbunden eine starke intrinsische Motivation der Lernenden ist ein Aspekt, der den Einsatz von Spielen im schulischen Kontext interessant und relevant &#8230;<\/p>\n","protected":false},"author":1,"featured_media":128,"parent":0,"menu_order":0,"comment_status":"closed","ping_status":"closed","template":"","meta":{"footnotes":""},"class_list":["post-127","page","type-page","status-publish","has-post-thumbnail","hentry"],"_links":{"self":[{"href":"https:\/\/ronaldhild.de\/index.php?rest_route=\/wp\/v2\/pages\/127","targetHints":{"allow":["GET"]}}],"collection":[{"href":"https:\/\/ronaldhild.de\/index.php?rest_route=\/wp\/v2\/pages"}],"about":[{"href":"https:\/\/ronaldhild.de\/index.php?rest_route=\/wp\/v2\/types\/page"}],"author":[{"embeddable":true,"href":"https:\/\/ronaldhild.de\/index.php?rest_route=\/wp\/v2\/users\/1"}],"replies":[{"embeddable":true,"href":"https:\/\/ronaldhild.de\/index.php?rest_route=%2Fwp%2Fv2%2Fcomments&post=127"}],"version-history":[{"count":7,"href":"https:\/\/ronaldhild.de\/index.php?rest_route=\/wp\/v2\/pages\/127\/revisions"}],"predecessor-version":[{"id":447,"href":"https:\/\/ronaldhild.de\/index.php?rest_route=\/wp\/v2\/pages\/127\/revisions\/447"}],"wp:featuredmedia":[{"embeddable":true,"href":"https:\/\/ronaldhild.de\/index.php?rest_route=\/wp\/v2\/media\/128"}],"wp:attachment":[{"href":"https:\/\/ronaldhild.de\/index.php?rest_route=%2Fwp%2Fv2%2Fmedia&parent=127"}],"curies":[{"name":"wp","href":"https:\/\/api.w.org\/{rel}","templated":true}]}}