{"id":114,"date":"2018-07-18T14:33:09","date_gmt":"2018-07-18T14:33:09","guid":{"rendered":"http:\/\/ronaldhild.de\/?page_id=114"},"modified":"2022-06-22T12:39:30","modified_gmt":"2022-06-22T12:39:30","slug":"auftragsarbeiten","status":"publish","type":"page","link":"https:\/\/ronaldhild.de\/?page_id=114","title":{"rendered":"Auftragsarbeiten"},"content":{"rendered":"<p>Spiele sollen vor allem Spa\u00df machen, aber Spiele k\u00f6nnen noch viel mehr. Spiele vermitteln Informationen, sensibiliseren f\u00fcr Themen, wecken Interesse oder Neugier und schaffen Begeisterung. Spiele f\u00f6rdern das strategische und logische Denken, die Kommunikations- und Abstraktionsf\u00e4higkeit, motivieren, machen Freude und st\u00e4rken gleichzeitig das Gemeinschaftsgef\u00fchl. Und: gute Spiele bleiben in Erinnerung.<\/p>\n<p>Egal ob Produktmarketing, Mitarbeitermotivation, Teambildung, Schulungen, Steigerung der Bekanntheit oder Kommunikation der Unternehmensphilosophie &#8211; auch f\u00fcr Unternehmen, Vereine und Verb\u00e4nde gibt es gute Argumente auf das Medium &#8220;Spiel&#8221; zu setzen. Als Spielentwickler m\u00f6chte ich dir mit meiner Expertise und meinen Ideen dabei helfen.<\/p>\n<p>Durch das <strong><em>Zusammenspiel<\/em><\/strong> deiner Erfahrungen und meinem frischen Blick von au\u00dfen entstehen besondere und an deine speziellen Anforderungen und Ziele angepasste Konzepte, die in Erinnerung bleiben. Ich freue mich auf deine <a href=\"https:\/\/ronaldhild.de\/#contact\" target=\"_blank\" rel=\"noopener\">Anfrage<\/a>!<\/p>\n<p><strong>Auswahl Referenzen<\/strong><\/p>\n<ul>\n<li><strong><em>Torfitz<\/em> <\/strong>&#8211; das Planspiel zum Strukturwandel, gemeinsam mit Playing History, 2022.<\/li>\n<li><em><strong>Es liegt an uns<\/strong><\/em>, ein Spiel zum Thema Frauenrechte, gemeinsam mit Marcel Davidsohn f\u00fcr TERRE DES FEMMES, 2021.<\/li>\n<li><em><strong>45-Minuten-Escape<\/strong><\/em>, Reihe f\u00fcr den Schulunterricht, ab 2020, laufend, gemeinsam mit verschiedenen Autor:innen, f\u00fcr den Friedrich-Verlag.<\/li>\n<li><strong><em>Side-by-Side<\/em><\/strong>, ein Spiel zur Borderline-Pers\u00f6nlichkeitsst\u00f6rung, gemeinsam mit Sabine Thiel und Till Meyer, 2018 bei Spieltrieb.<\/li>\n<li><em><strong>Fortress<\/strong><\/em>, ein Planspiel zur IT-Sicherheit, gemeinsam mit Till Meyer, 2017.<\/li>\n<\/ul>\n","protected":false},"excerpt":{"rendered":"<p>Spiele sollen vor allem Spa\u00df machen, aber Spiele k\u00f6nnen noch viel mehr. Spiele vermitteln Informationen, sensibiliseren f\u00fcr Themen, wecken Interesse oder Neugier und schaffen Begeisterung. Spiele f\u00f6rdern das strategische und &#8230;<\/p>\n","protected":false},"author":1,"featured_media":119,"parent":0,"menu_order":0,"comment_status":"closed","ping_status":"closed","template":"","meta":{"footnotes":""},"class_list":["post-114","page","type-page","status-publish","has-post-thumbnail","hentry"],"_links":{"self":[{"href":"https:\/\/ronaldhild.de\/index.php?rest_route=\/wp\/v2\/pages\/114","targetHints":{"allow":["GET"]}}],"collection":[{"href":"https:\/\/ronaldhild.de\/index.php?rest_route=\/wp\/v2\/pages"}],"about":[{"href":"https:\/\/ronaldhild.de\/index.php?rest_route=\/wp\/v2\/types\/page"}],"author":[{"embeddable":true,"href":"https:\/\/ronaldhild.de\/index.php?rest_route=\/wp\/v2\/users\/1"}],"replies":[{"embeddable":true,"href":"https:\/\/ronaldhild.de\/index.php?rest_route=%2Fwp%2Fv2%2Fcomments&post=114"}],"version-history":[{"count":12,"href":"https:\/\/ronaldhild.de\/index.php?rest_route=\/wp\/v2\/pages\/114\/revisions"}],"predecessor-version":[{"id":496,"href":"https:\/\/ronaldhild.de\/index.php?rest_route=\/wp\/v2\/pages\/114\/revisions\/496"}],"wp:featuredmedia":[{"embeddable":true,"href":"https:\/\/ronaldhild.de\/index.php?rest_route=\/wp\/v2\/media\/119"}],"wp:attachment":[{"href":"https:\/\/ronaldhild.de\/index.php?rest_route=%2Fwp%2Fv2%2Fmedia&parent=114"}],"curies":[{"name":"wp","href":"https:\/\/api.w.org\/{rel}","templated":true}]}}